{"id":46,"date":"2020-04-16T20:26:18","date_gmt":"2020-04-16T18:26:18","guid":{"rendered":"https:\/\/wp.weinbau-steinmetz.de\/?page_id=46"},"modified":"2023-08-04T10:50:47","modified_gmt":"2023-08-04T08:50:47","slug":"unsere-weine","status":"publish","type":"page","link":"https:\/\/www.weinbau-steinmetz.de\/?page_id=46","title":{"rendered":"Unsere Weine"},"content":{"rendered":"\n<p class=\"has-medium-font-size\"><strong>Wei\u00dfweine<\/strong><\/p>\n\n\n\n<p><strong>Riesling<\/strong><br>Edition Derdinger Horn<br>Frischer Wei\u00dfwein mit eleganter, rassiger Note und einem Hauch von Ananas und Citrusfr\u00fcchten.<\/p>\n\n\n\n<p><strong>Sauvignon Blanc<\/strong><br>Edition Derdinger Horn<br>Frischer Wein mit eigenwilligen, pikanten Johannis- und Stachelbeeraromen mit einer unterst\u00fctzenden S\u00e4urestruktur.<\/p>\n\n\n\n<p><strong>Aschinger-Cuv\u00e9e<\/strong><br>Edition Derdinger Horn<br>Elegante Mischung aus Grau- und Wei\u00dfburgunder mit frischer S\u00e4ure und feiner Frucht.<\/p>\n\n\n\n<p><strong>Grauburgunder<\/strong><br>Edition Derdinger Horn<br>Das Aromen-Spektrum beim Grauburgunder reicht von N\u00fcssen, Mandeln und Butter bis zu fruchtigeren Aromen, wie Birne, Trockenobst, Rosinen, Ananas und Zitrusfrucht.<br><\/p>\n\n\n\n<p><strong>Wei\u00dfburgunder<\/strong><br>Edition Derdinger Horn<br>Der Wei\u00dfburgunder hat ein dezentes Aroma, das h\u00e4ufig an gr\u00fcne N\u00fcsse, Apfel, Birne, Quitte, Aprikose, Zitrusfr\u00fcchte oder frische Ananas erinnert.<\/p>\n\n\n\n<p><strong>Muskateller<\/strong><br>Edition Derdinger Horn<br>Der leichte Wei\u00dfwein wird durch seine feinfruchtige S\u00e4ure und sein typisch intensives, aber nicht aufdringliches Muskatbukett charakterisiert.<br><\/p>\n\n\n\n<p class=\"has-medium-font-size\"><strong>Wei\u00dfherbst<\/strong><\/p>\n\n\n\n<p><strong>Lemberger Wei\u00dfherbst<\/strong><br>Edition Derdinger Horn<br>Spritziger, fruchtiger Sommerwein, der angenehm die Frische des Wei\u00dfweins mit der F\u00fclle des Rotweins vereinigt.<\/p>\n\n\n\n<p><strong>Muskat-Trollinger Ros\u00e9<\/strong><br>Edition Derdinger Horn<br>Erfrischend, fruchtiger Ros\u00e9wein, mit leichtem Muskatbukett und einem Hauch von Grapefruit.<br><br><\/p>\n\n\n\n<p><strong>Aschinger Ros\u00e9<\/strong><br>Edition Derdinger Horn<br>Kr\u00e4ftiges, fruchtiges Cuv\u00e9e aus Lemberger, Merlot, Syrah und Cabernet Franc.<\/p>\n\n\n\n<p class=\"has-medium-font-size\"><br><strong>Rotweine<\/strong><\/p>\n\n\n\n<p><strong>Trollinger<\/strong><br>Edition Derdinger Horn<br>Frischer, fruchtiger Rotwein mit feinblumigem Duft und Wildkirscharomen.<\/p>\n\n\n\n<p><strong>Muskat-Trollinger<\/strong><br>Edition Derdinger Horn<br>Rubinfarbener Wein mit intensivem aber unaufdringlichem Muskatbukett und fruchtigen Beerenaromen.<\/p>\n\n\n\n<p><strong>Lemberger-Trollinger<\/strong><br>Edition Derdinger Horn<br>Vereinigt optimal die Frucht des Trollingers und die Kraft und F\u00fclle des Lembergers. Erinnert im Geschmack an dunkle Beeren.<\/p>\n\n\n\n<p><strong>Lemberger<\/strong><br>Edition Derdinger Horn<br>Wuchtiger, vollmundiger Rotwein mit kr\u00e4ftigen Beerenaromen und einer feinherben Note.<\/p>\n\n\n\n<p><strong>Lemberger Barrique<\/strong><br>Edition Derdinger Horn<br>Kr\u00e4ftiger, wuchtiger Rotwein mit dem Aroma von schwarzer Johannisbeere, Wildkirsche und Brombeere, ums\u00e4umt von einem unnachahmlichen Ton von Vanille und Tannin.<\/p>\n\n\n\n<p><strong>LeMot Cuv\u00e9e im Barrique gereift<\/strong><br>Edition Derdinger Horn<br>Vollmundiges Rotwein-Cuv\u00e9e aus den kr\u00e4ftigen Sorten Lemberger und Merlot mit dem Aroma von Beeren und Pflaumen.<\/p>\n\n\n\n<p><strong>Samtrot<\/strong><br>Edition Derdinger Horn<br>Rubinroter, s\u00fcffiger Wein mit ausgewogenem S\u00fc\u00dfe-S\u00e4ure-Spiel. Vollmundige und anregende Himbeeraromen verleihen dem Wein eine elegante S\u00fc\u00dfe.<\/p>\n\n\n\n<p><strong>Merlot<\/strong><br>Edition Derdinger Horn<br>Der Merlot hat einen bestimmenden Charakter, der sich in einem mittleren bis hohen Alkoholgehalt, sowie in seinem weichen und runden, leicht pflaumigen Geschmack zeigt. Ein edles Bouquet, welches sich, in den Geschmacksnoten von mediterranen Kr\u00e4utern, Kirschen oder auch nach Blumen, Beeren und Tr\u00fcffeln als intensives Aroma entfalten.<\/p>\n\n\n\n<p><strong>Syrah (Shiraz)<\/strong><br>Edition Derdinger Horn<br>Die Syrahweine kennzeichnen ein \u00e4u\u00dferst kr\u00e4ftiges Johannisbeeraroma, Brombeeren oder auch Himbeeren. Im Bouquets finden sich Nuancen von fruchtigen Kirschen, edler W\u00fcrze, Vanille, Feige, Tabak, Kaffeebohnen oder auch ein Hauch von Lorbeer.<\/p>\n\n\n\n<p><strong>Der Steinmetz &#8211; Rotwein-Cuv\u00e9e<\/strong><br>Edition Derdinger Horn<br>Ein kr\u00e4ftiges, vollmundiges Rotwein-Cuv\u00e9e, das s\u00e4mtliche Beerenaromen stimmig vereint. Es bringt die charakteristischen Eigenschaften der Sorten Merlot, Lemberger, Syrah und Cabernet Franc harmonisch in Einklang.<\/p>\n\n\n\n<p class=\"has-medium-font-size\"><strong>Sekt\/Secco<\/strong><\/p>\n\n\n\n<p><strong>Muskat-Trollinger ros\u00e9<\/strong><br>Secco<br>Fruchtig erfrischend mit einem leichten Muskataroma.<\/p>\n\n\n\n<p><strong>Riesling Sekt<\/strong><br>brut<br>Fruchtig erfrischender Sekt mit feiner S\u00e4ure.<br><br><strong>Casanova Secco Blanc<\/strong><br>Frischer spritziger Secco aus Sauvignon Blanc<br><\/p>\n\n\n\n<p><strong>Edition Derdinger Horn:<\/strong><\/p>\n\n\n\n<p>\u00b7 in ausgesuchten Weinbergen gewachsen<br>\u00b7 qualit\u00e4tsbewusst selektiert<br>\u00b7 mit Sorgfalt von Hand gelesen<\/p>\n","protected":false},"excerpt":{"rendered":"<p>Wei\u00dfweine RieslingEdition Derdinger HornFrischer Wei\u00dfwein mit eleganter, rassiger Note und einem Hauch von Ananas und Citrusfr\u00fcchten. Sauvignon BlancEdition Derdinger HornFrischer Wein mit eigenwilligen, pikanten Johannis- und Stachelbeeraromen mit einer unterst\u00fctzenden S\u00e4urestruktur. Aschinger-Cuv\u00e9eEdition Derdinger HornElegante Mischung aus Grau- und Wei\u00dfburgunder mit frischer S\u00e4ure und feiner Frucht. GrauburgunderEdition Derdinger HornDas Aromen-Spektrum beim Grauburgunder reicht von N\u00fcssen, Mandeln&hellip;<a href=\"https:\/\/www.weinbau-steinmetz.de\/?page_id=46\" class=\"button\">Weiterlesen <span class=\"screen-reader-text\">Unsere Weine<\/span><\/a><\/p>\n","protected":false},"author":1,"featured_media":162,"parent":0,"menu_order":0,"comment_status":"closed","ping_status":"closed","template":"","meta":{"footnotes":""},"class_list":["post-46","page","type-page","status-publish","has-post-thumbnail","hentry"],"_links":{"self":[{"href":"https:\/\/www.weinbau-steinmetz.de\/index.php?rest_route=\/wp\/v2\/pages\/46","targetHints":{"allow":["GET"]}}],"collection":[{"href":"https:\/\/www.weinbau-steinmetz.de\/index.php?rest_route=\/wp\/v2\/pages"}],"about":[{"href":"https:\/\/www.weinbau-steinmetz.de\/index.php?rest_route=\/wp\/v2\/types\/page"}],"author":[{"embeddable":true,"href":"https:\/\/www.weinbau-steinmetz.de\/index.php?rest_route=\/wp\/v2\/users\/1"}],"replies":[{"embeddable":true,"href":"https:\/\/www.weinbau-steinmetz.de\/index.php?rest_route=%2Fwp%2Fv2%2Fcomments&post=46"}],"version-history":[{"count":8,"href":"https:\/\/www.weinbau-steinmetz.de\/index.php?rest_route=\/wp\/v2\/pages\/46\/revisions"}],"predecessor-version":[{"id":339,"href":"https:\/\/www.weinbau-steinmetz.de\/index.php?rest_route=\/wp\/v2\/pages\/46\/revisions\/339"}],"wp:featuredmedia":[{"embeddable":true,"href":"https:\/\/www.weinbau-steinmetz.de\/index.php?rest_route=\/wp\/v2\/media\/162"}],"wp:attachment":[{"href":"https:\/\/www.weinbau-steinmetz.de\/index.php?rest_route=%2Fwp%2Fv2%2Fmedia&parent=46"}],"curies":[{"name":"wp","href":"https:\/\/api.w.org\/{rel}","templated":true}]}}