{"id":5,"date":"2020-04-16T20:06:23","date_gmt":"2020-04-16T18:06:23","guid":{"rendered":"https:\/\/wp.weinbau-steinmetz.de\/?page_id=5"},"modified":"2020-05-04T18:23:26","modified_gmt":"2020-05-04T16:23:26","slug":"startseite","status":"publish","type":"page","link":"https:\/\/www.weinbau-steinmetz.de\/","title":{"rendered":"&#8230; mit Leidenschaft f\u00fcr den Wein&#8230;"},"content":{"rendered":"\n<p>Silvia und Heinz Steinmetz f\u00fchren den Familienbetrieb gemeinsam bereits seit 28 Jahren. Im Jahr 2008 entschied man sich zur Selbstvermarktung.<\/p>\n\n\n\n<div class=\"wp-block-image\"><figure class=\"aligncenter size-large\"><img loading=\"lazy\" decoding=\"async\" width=\"1024\" height=\"576\" src=\"https:\/\/wp.weinbau-steinmetz.de\/wp-content\/uploads\/2020\/04\/Homepage-2020-jpg-1024x576.jpg\" alt=\"\" class=\"wp-image-84\" srcset=\"https:\/\/www.weinbau-steinmetz.de\/wp-content\/uploads\/2020\/04\/Homepage-2020-jpg-1024x576.jpg 1024w, https:\/\/www.weinbau-steinmetz.de\/wp-content\/uploads\/2020\/04\/Homepage-2020-jpg-300x169.jpg 300w, https:\/\/www.weinbau-steinmetz.de\/wp-content\/uploads\/2020\/04\/Homepage-2020-jpg-768x432.jpg 768w, https:\/\/www.weinbau-steinmetz.de\/wp-content\/uploads\/2020\/04\/Homepage-2020-jpg-1216x684.jpg 1216w, https:\/\/www.weinbau-steinmetz.de\/wp-content\/uploads\/2020\/04\/Homepage-2020-jpg-444x250.jpg 444w, https:\/\/www.weinbau-steinmetz.de\/wp-content\/uploads\/2020\/04\/Homepage-2020-jpg.jpg 1296w\" sizes=\"auto, (max-width: 1024px) 100vw, 1024px\" \/><\/figure><\/div>\n\n\n\n<p>Die circa 9 ha gro\u00dfe Rebfl\u00e4che liegt an den S\u00fcdh\u00e4ngen des Strombergs rund um den idyllischen Weinbauort Oberderdingen. Unser Sortiment besteht mittlerweile aus einem vielf\u00e4ltigen Angebot an Rot- und Wei\u00dfweinen, sowie Sekt und Secco.<\/p>\n\n\n\n<p>Bei der Bewirtschaftung unserer Weinberge achten wir besonders darauf, schonend mit der Umwelt und dem Erzeugnis umzugehen und setzen dabei auf eine hohe Qualit\u00e4t der Trauben und damit nat\u00fcrlich auch auf eine hohe Qualit\u00e4t des erzeugten Weines, gem\u00e4\u00df dem Motto &#8220;mit Leidenschaft f\u00fcr den Wein&#8221;!<\/p>\n","protected":false},"excerpt":{"rendered":"<p>Silvia und Heinz Steinmetz f\u00fchren den Familienbetrieb gemeinsam bereits seit 28 Jahren. Im Jahr 2008 entschied man sich zur Selbstvermarktung. Die circa 9 ha gro\u00dfe Rebfl\u00e4che liegt an den S\u00fcdh\u00e4ngen des Strombergs rund um den idyllischen Weinbauort Oberderdingen. Unser Sortiment besteht mittlerweile aus einem vielf\u00e4ltigen Angebot an Rot- und Wei\u00dfweinen, sowie Sekt und Secco. Bei&hellip;<a href=\"https:\/\/www.weinbau-steinmetz.de\/\" class=\"button\">Weiterlesen <span class=\"screen-reader-text\">&#8230; mit Leidenschaft f\u00fcr den Wein&#8230;<\/span><\/a><\/p>\n","protected":false},"author":1,"featured_media":193,"parent":0,"menu_order":0,"comment_status":"closed","ping_status":"closed","template":"","meta":{"footnotes":""},"class_list":["post-5","page","type-page","status-publish","has-post-thumbnail","hentry"],"_links":{"self":[{"href":"https:\/\/www.weinbau-steinmetz.de\/index.php?rest_route=\/wp\/v2\/pages\/5","targetHints":{"allow":["GET"]}}],"collection":[{"href":"https:\/\/www.weinbau-steinmetz.de\/index.php?rest_route=\/wp\/v2\/pages"}],"about":[{"href":"https:\/\/www.weinbau-steinmetz.de\/index.php?rest_route=\/wp\/v2\/types\/page"}],"author":[{"embeddable":true,"href":"https:\/\/www.weinbau-steinmetz.de\/index.php?rest_route=\/wp\/v2\/users\/1"}],"replies":[{"embeddable":true,"href":"https:\/\/www.weinbau-steinmetz.de\/index.php?rest_route=%2Fwp%2Fv2%2Fcomments&post=5"}],"version-history":[{"count":5,"href":"https:\/\/www.weinbau-steinmetz.de\/index.php?rest_route=\/wp\/v2\/pages\/5\/revisions"}],"predecessor-version":[{"id":198,"href":"https:\/\/www.weinbau-steinmetz.de\/index.php?rest_route=\/wp\/v2\/pages\/5\/revisions\/198"}],"wp:featuredmedia":[{"embeddable":true,"href":"https:\/\/www.weinbau-steinmetz.de\/index.php?rest_route=\/wp\/v2\/media\/193"}],"wp:attachment":[{"href":"https:\/\/www.weinbau-steinmetz.de\/index.php?rest_route=%2Fwp%2Fv2%2Fmedia&parent=5"}],"curies":[{"name":"wp","href":"https:\/\/api.w.org\/{rel}","templated":true}]}}